{"id":66,"date":"2022-10-07T20:15:56","date_gmt":"2022-10-07T18:15:56","guid":{"rendered":"https:\/\/bobathbobas.pl\/sklep\/?post_type=product&#038;p=66"},"modified":"2025-10-07T17:40:27","modified_gmt":"2025-10-07T15:40:27","slug":"aplikator-wieloiglowy-lyapko-walek-uniwersalny-35","status":"publish","type":"product","link":"https:\/\/bobathbobas.pl\/sklep\/produkt\/aplikator-wieloiglowy-lyapko-walek-uniwersalny-35\/","title":{"rendered":"Aplikator wieloig\u0142owy Lyapko \u201eWa\u0142ek uniwersalny\u201d 3,5"},"content":{"rendered":"<p>Aplikator wieloig\u0142owy Lyapko \u201eWa\u0142ek uniwersalny\u201d \u2013 posiada optymalne rozmiary powierzchni roboczej. Za spraw\u0105 idealnie dobranych odleg\u0142o\u015bci miedzy ig\u0142ami, z pewno\u015bci\u0105<br \/>\nmog\u0105 go stosowa\u0107 osoby ze wszystkich grup wiekowych bez ogranicze\u0144. Wa\u0142ek uniwersalny jest prosty w stosowaniu, bezpieczny i nieinwazyjny. Jego wysoka efektywno\u015b\u0107 rekomenduj\u0105 go jako wa\u0142ek nie tylko do stosowania przez specjalist\u00f3w ale i samodzielnego stosowania w warunkach domowych.<\/p>\n<p><strong>ZASTOSOWANIE\u00a0TERAPEUTYCZNE:<\/strong><br \/>\nWa\u0142ek rehabilitacyjny dr Lyapko przeznaczony jest do oddzia\u0142ywania na r\u00f3\u017cne cz\u0119\u015bci cia\u0142a. Najwygodniej masowa\u0107 nim odcinki cia\u0142a z ma\u0142ymi promieniami krzywizny \u2013 plecy, barki, szyja, g\u0142owa, stawy, zewn\u0119trzna cz\u0119\u015b\u0107 stopy, r\u0119ce i nogi. Wa\u0142ek Lyapko sprawdza si\u0119 te\u017c dobrze przy masa\u017cu twarzy i dekoltu.<br \/>\nZabieg wa\u0142kiem powinien trwa\u0107 \u015brednio ok. 10-15 minut na ka\u017cdej masowanej cz\u0119\u015bci cia\u0142a. Dok\u0142adny czas oddzia\u0142ywania zale\u017cy od wra\u017cliwo\u015bci sk\u00f3ry oraz od konkretnych objaw\u00f3w. Zastosowanie wa\u0142ka do masa\u017cu plec\u00f3w i innych trudno dost\u0119pnych cz\u0119\u015bci cia\u0142a wymaga pomocy drugiej osoby.<br \/>\nW przypadku ostrych i intensywnych b\u00f3l\u00f3w, podwy\u017cszonego <a href=\"https:\/\/lyapko.pl\/schorzenia-serca-i-naczyn\/\">ci\u015bnienienia t\u0119tniczego<\/a>, rozdra\u017cnienia, pobudzenia, bezsenno\u015bci zaleca si\u0119 korzysta\u0107 z aplikatora w drugiej po\u0142owie dnia lub przed snem. Czas wykonywania masa\u017cu wa\u0142kiem wynosi ok. 5-10 minut na masowan\u0105 cz\u0119\u015b\u0107 cia\u0142a. Przy b\u00f3lach chronicznych, senno\u015bci, os\u0142abieniu, obni\u017conej wra\u017cliwo\u015bci masa\u017c Wa\u0142kiem uniwersalnym jest najbardziej efektywny w godzinach porannych i w pierwszej po\u0142owie dnia.<br \/>\nCzas masowania wa\u0142kiem \u2013 to 3-7 minut.<\/p>\n<p><strong>ZASTOSOWANIE KOSMETOLOGICZNE:<\/strong><br \/>\nGodnym uwagi jest fakt, \u017ce Wa\u0142ek uniwersalny dr Lyapko sprawdza si\u0119 idealnie do zabieg\u00f3w wyszczuplaj\u0105cych i koryguj\u0105cych figur\u0119 \u2013 jako wa\u0142ek na <a href=\"https:\/\/www.zdrowolandia.pl\/kategoria\/antycellulit\">cellulit<\/a>. Dlatego masa\u017c wa\u0142kiem pomaga w pozbyciu si\u0119 tkanki t\u0142uszczowej i cellulitu. Z pewno\u015bci\u0105 nadaje si\u0119 on idealnie r\u00f3wnie\u017c do masa\u017cu twarzy dzi\u0119ki minimalnym odst\u0119pom mi\u0119dzy ig\u0142ami \u2013 3,5 mm. Ze wzgl\u0119du na powstawanie pr\u0105d\u00f3w galwanicznych na ko\u0144c\u00f3wkach igie\u0142 i miedzy nimi Wa\u0142ek aktywnie oddzia\u0142ywuje na mi\u0119\u015bnie twarzy i szyi. Tonizuj\u0105c sk\u00f3r\u0119, osi\u0105gamy efekt liftingu, poprawiamy owal twarzy i podnosimy drugi podbr\u00f3dek. Ig\u0142y wa\u0142ka, dotykaj\u0105c sk\u00f3ry, nie uszkadzaj\u0105 jej. Metoda jest efektywna, przyjemna i nieinwazyjna, to znaczy wyklucza ca\u0142kowicie przenoszenie infekcji.<br \/>\nKolor wa\u0142ka jest wybierany losowo.<\/p>\n","protected":false},"excerpt":{"rendered":"<p>Aplikator wieloig\u0142owy Lyapko \u201eWa\u0142ek uniwersalny\u201d \u2013 posiada optymalne rozmiary powierzchni roboczej. Za spraw\u0105 idealnie dobranych odleg\u0142o\u015bci miedzy ig\u0142ami, z pewno\u015bci\u0105 mog\u0105 go stosowa\u0107 osoby ze wszystkich grup wiekowych bez ogranicze\u0144. [&hellip;]<\/p>\n","protected":false},"featured_media":71,"comment_status":"open","ping_status":"closed","template":"","meta":[],"product_brand":[],"product_cat":[18],"product_tag":[],"class_list":{"0":"post-66","1":"product","2":"type-product","3":"status-publish","4":"has-post-thumbnail","6":"product_cat-akcesoria","8":"first","9":"outofstock","10":"shipping-taxable","11":"purchasable","12":"product-type-simple"},"_links":{"self":[{"href":"https:\/\/bobathbobas.pl\/sklep\/wp-json\/wp\/v2\/product\/66","targetHints":{"allow":["GET"]}}],"collection":[{"href":"https:\/\/bobathbobas.pl\/sklep\/wp-json\/wp\/v2\/product"}],"about":[{"href":"https:\/\/bobathbobas.pl\/sklep\/wp-json\/wp\/v2\/types\/product"}],"replies":[{"embeddable":true,"href":"https:\/\/bobathbobas.pl\/sklep\/wp-json\/wp\/v2\/comments?post=66"}],"wp:featuredmedia":[{"embeddable":true,"href":"https:\/\/bobathbobas.pl\/sklep\/wp-json\/wp\/v2\/media\/71"}],"wp:attachment":[{"href":"https:\/\/bobathbobas.pl\/sklep\/wp-json\/wp\/v2\/media?parent=66"}],"wp:term":[{"taxonomy":"product_brand","embeddable":true,"href":"https:\/\/bobathbobas.pl\/sklep\/wp-json\/wp\/v2\/product_brand?post=66"},{"taxonomy":"product_cat","embeddable":true,"href":"https:\/\/bobathbobas.pl\/sklep\/wp-json\/wp\/v2\/product_cat?post=66"},{"taxonomy":"product_tag","embeddable":true,"href":"https:\/\/bobathbobas.pl\/sklep\/wp-json\/wp\/v2\/product_tag?post=66"}],"curies":[{"name":"wp","href":"https:\/\/api.w.org\/{rel}","templated":true}]}}