{"id":48,"date":"2022-10-07T12:39:57","date_gmt":"2022-10-07T10:39:57","guid":{"rendered":"https:\/\/bobathbobas.pl\/sklep\/?post_type=product&#038;p=48"},"modified":"2025-10-06T14:08:31","modified_gmt":"2025-10-06T12:08:31","slug":"aplikator-wieloiglowy-lyapko-walek-do-twarzy-35","status":"publish","type":"product","link":"https:\/\/bobathbobas.pl\/sklep\/produkt\/aplikator-wieloiglowy-lyapko-walek-do-twarzy-35\/","title":{"rendered":"Aplikator wieloig\u0142owy Lyapko \u201cWa\u0142ek do twarzy\u201d 3,5"},"content":{"rendered":"<p>Aplikator Lyapko\u00a0\u201cWa\u0142ek do twarzy\u201d\u00a0jest najmniejszym z wa\u0142k\u00f3w rehabilitacyjnych dr Lyapko.<\/p>\n<p><strong>ZASTOSOWANIE TERAPEUTYCZNE:<\/strong><br \/>\nWa\u0142kiem Lyapko mo\u017cna oddzia\u0142ywa\u0107 na dowolne cz\u0119\u015bci cia\u0142a. Z pewno\u015bci\u0105 najwygodniej jest go stosowa\u0107 do masa\u017cu twarzy w celu usuni\u0119cia skurczu czy b\u00f3lu. Sprawdza si\u0119 doskonale przy<br \/>\nnerwob\u00f3lach nerwu tr\u00f3jdzielnego oraz zapaleniu nerwu twarzowego. Nadaje si\u0119 do masa\u017cu ow\u0142osionej cz\u0119\u015bci g\u0142owy, mi\u0119kkich staw\u00f3w ko\u0144czyn, masa\u017cu nadgarstka lub stopy. Wa\u017cnym aspektem<br \/>\njest to, \u017ce jego elastyczne boczne gumowe tuleje zapewniaj\u0105 mi\u0119kki i delikatny masa\u017c.<\/p>\n<p><strong>Zalecany do stosowania te\u017c u dzieci.<\/strong><br \/>\nDzi\u0119ki swoim rozmiarom wa\u0142ek do akupresury twarzy pozwala bardzo dok\u0142adnie pracowa\u0107 na miejscach wok\u00f3\u0142 odcink\u00f3w uszkodzonych (np.: uraz\u00f3w, zrost\u00f3w pooperacyjnych, z\u0142ama\u0144), wok\u00f3\u0142<br \/>\nrozszerzonych \u017cy\u0142 (\u017cylak\u00f3w), poza miejscami zaognionymi. Godnym uwagi jest fakt, \u017ce nadaje si\u0119 on idealnie do masa\u017cu <a href=\"https:\/\/lyapko.pl\/uszkodzenia-aparatu-ruchowego\/\">staw\u00f3w<\/a>.<\/p>\n<p>&nbsp;<\/p>\n<p><strong>ZASTOSOWANIE KOSMETOLOGICZNE:<\/strong><br \/>\nMasa\u017c wa\u0142kiem do twarzy pomaga kszta\u0142towa\u0107 pi\u0119kny owal twarzy. Godnym uwagi jest fakt, \u017ce zabieg przy pomocy wa\u0142ka Lyapko podnosi drugi podbr\u00f3dek i wywo\u0142uje efekt liftingu. Wa\u0142ek do<br \/>\ntwarzy Lyapko sprawdza si\u0119 doskonale w walce ze zmarszczkami mimicznymi, poprawia spr\u0119\u017cysto\u015b\u0107 i elastyczno\u015b\u0107 sk\u00f3ry. Wymasowana wa\u0142kiem sk\u00f3ra twarzy z pewno\u015bci\u0105 staje si\u0119 lepiej ukrwiona oraz dotleniona. Masa\u017c wa\u0142kiem powinien by\u0107 wykonywany przez ok. 10-15 minut na ka\u017cd\u0105 masowan\u0105 cz\u0119\u015b\u0107 cia\u0142a.<\/p>\n<p>Zwi\u0119kszenie przekrwienia sk\u00f3ry przy pomocy wa\u0142ka Lyapko i zastosowanie po takim masa\u017cu <a href=\"https:\/\/www.zdrowolandia.pl\/kategoria\/do-pielegnacji-twarzy-i-ciala\">preparat\u00f3w kosmetycznych<\/a>\u00a0 (maseczki, kremu itp.) pozwala na zwi\u0119kszenie efektywno\u015bci ich<br \/>\nwch\u0142aniania, co jeszcze bardziej gwarantuje lepsze efekty kosmetologiczne.<\/p>\n<p>&nbsp;<\/p>\n<p><strong>MYCIE:<\/strong><br \/>\nW warunkach domowych \u2014 zaleca si\u0119 mycie aplikatora przy pomocy myd\u0142a w p\u0142ynie i bie\u017c\u0105cej wody oraz wysuszenie po umyciu strumieniem gor\u0105cego powietrza (suszark\u0105). W plac\u00f3wkach leczniczych do sterylizacji aplikator\u00f3w u\u017cywa si\u0119 powszechnie stosowanych preparat\u00f3w medycznych do dezynfekcji powierzchni sprz\u0119tu. Przy poprawnym korzystaniu aplikatora jego termin przydatno\u015bci stanowi 5 \u2013 7 lat.<\/p>\n","protected":false},"excerpt":{"rendered":"<p>Aplikator Lyapko\u00a0\u201cWa\u0142ek do twarzy\u201d\u00a0jest najmniejszym z wa\u0142k\u00f3w rehabilitacyjnych dr Lyapko. ZASTOSOWANIE TERAPEUTYCZNE: Wa\u0142kiem Lyapko mo\u017cna oddzia\u0142ywa\u0107 na dowolne cz\u0119\u015bci cia\u0142a. Z pewno\u015bci\u0105 najwygodniej jest go stosowa\u0107 do masa\u017cu twarzy w [&hellip;]<\/p>\n","protected":false},"featured_media":95,"comment_status":"open","ping_status":"closed","template":"","meta":[],"product_brand":[],"product_cat":[18],"product_tag":[],"class_list":{"0":"post-48","1":"product","2":"type-product","3":"status-publish","4":"has-post-thumbnail","6":"product_cat-akcesoria","8":"first","9":"outofstock","10":"shipping-taxable","11":"purchasable","12":"product-type-simple"},"_links":{"self":[{"href":"https:\/\/bobathbobas.pl\/sklep\/wp-json\/wp\/v2\/product\/48","targetHints":{"allow":["GET"]}}],"collection":[{"href":"https:\/\/bobathbobas.pl\/sklep\/wp-json\/wp\/v2\/product"}],"about":[{"href":"https:\/\/bobathbobas.pl\/sklep\/wp-json\/wp\/v2\/types\/product"}],"replies":[{"embeddable":true,"href":"https:\/\/bobathbobas.pl\/sklep\/wp-json\/wp\/v2\/comments?post=48"}],"wp:featuredmedia":[{"embeddable":true,"href":"https:\/\/bobathbobas.pl\/sklep\/wp-json\/wp\/v2\/media\/95"}],"wp:attachment":[{"href":"https:\/\/bobathbobas.pl\/sklep\/wp-json\/wp\/v2\/media?parent=48"}],"wp:term":[{"taxonomy":"product_brand","embeddable":true,"href":"https:\/\/bobathbobas.pl\/sklep\/wp-json\/wp\/v2\/product_brand?post=48"},{"taxonomy":"product_cat","embeddable":true,"href":"https:\/\/bobathbobas.pl\/sklep\/wp-json\/wp\/v2\/product_cat?post=48"},{"taxonomy":"product_tag","embeddable":true,"href":"https:\/\/bobathbobas.pl\/sklep\/wp-json\/wp\/v2\/product_tag?post=48"}],"curies":[{"name":"wp","href":"https:\/\/api.w.org\/{rel}","templated":true}]}}