{"id":37,"date":"2022-10-07T12:07:26","date_gmt":"2022-10-07T10:07:26","guid":{"rendered":"https:\/\/bobathbobas.pl\/sklep\/?post_type=product&#038;p=37"},"modified":"2025-10-07T17:39:31","modified_gmt":"2025-10-07T15:39:31","slug":"aplikator-wieloiglowy-lyapko-walek-duzy-50","status":"publish","type":"product","link":"https:\/\/bobathbobas.pl\/sklep\/produkt\/aplikator-wieloiglowy-lyapko-walek-duzy-50\/","title":{"rendered":"Aplikator wieloig\u0142owy Lyapko \u201eWa\u0142ek du\u017cy\u201d 5,0"},"content":{"rendered":"<p>Aplikator wieloig\u0142owy Lyapko \u201eWa\u0142ek du\u017cy\u201d \u2013 o rozstawie igie\u0142 5,0 mm \u2013 to wa\u0142ek do refleksoterapii dla dynamicznego oddzia\u0142ywania na sk\u00f3r\u0119 (\u201eprysznic miliona igie\u0142ek\u201d). Przeznaczony jest do <a href=\"https:\/\/lyapko.pl\/zastosowanie\/wskazania-do-stosowania-aplikatorow-lyapko\/\">terapii<\/a> i diagnostyki. Posiada maksymalne odst\u0119py mi\u0119dzy ig\u0142ami i najwi\u0119ksz\u0105 powierzchni\u0119 robocz\u0105 ze wszystkich wa\u0142k\u00f3w Lyapko.<\/p>\n<p><strong>ZASTOSOWANIE\u00a0TERAPEUTYCZNE<\/strong>:<br \/>\nWa\u0142ek du\u017cy Lyapko przede wszystkim stosujemy do terapeutycznego oddzia\u0142ywania na du\u017ce cz\u0119\u015bci cia\u0142a: na plecy, l\u0119d\u017awie, krzy\u017c, okolice po\u015bladk\u00f3w, klatk\u0119 piersiow\u0105, brzuch i ko\u0144czyny. Efekt<br \/>\nterapeutyczny osi\u0105gamy kilka razy szybciej w przeciwie\u0144stwie do aplikatora statycznego. Aby wykona\u0107 wa\u0142kiem masa\u017c plec\u00f3w i innych trudno dost\u0119pnych cz\u0119\u015bci cia\u0142a, potrzebna jest pomoc<br \/>\ndrugiej osoby.<\/p>\n<p>Wa\u0142ek dr Lyapko sprawdza si\u0119 jako wa\u0142ek leczniczy u pacjent\u00f3w dobrze zbudowanych i z nadwag\u0105. U\u017cywaj\u0105c wa\u0142ka mo\u017cna oddzia\u0142ywa\u0107 \u0142agodz\u0105co lub uspokajaj\u0105co (np. przy b\u00f3lu w okolicach<br \/>\nl\u0119d\u017awiowo-krzy\u017cowych lub w ko\u0144czynach dolnych) i stymuluj\u0105co lub pobudzaj\u0105co (przy niedow\u0142adzie mi\u0119\u015bni itp.). W celu uzyskania efektu \u0142agodz\u0105cego, masa\u017c wa\u0142kiem wykonujemy na wi\u0119kszej<br \/>\npowierzchni cia\u0142a. Ruchy podczas <a href=\"https:\/\/www.zdrowolandia.pl\/kategoria\/do-masazu\">masa\u017cu<\/a> powinny by\u0107 wolniejsze, a sam zabieg trwa\u0107 ok. 10-15 minut. W celu uzyskania efektu pobudzenia, masa\u017c wa\u0142kiem nale\u017cy wykonywa\u0107 dynamicznie przez<br \/>\nok. 5-7 minut obejmuj\u0105c mniejsz\u0105 powierzchni\u0119 cia\u0142a.<\/p>\n<p>&nbsp;<\/p>\n<p><strong>ZASTOSOWANIE KOSMETOLOGICZNE:<\/strong><br \/>\nOpuchlizny, zast\u00f3j ch\u0142onki, cellulit, zwiotcza\u0142a sk\u00f3ra \u2013 to wszystko s\u0105 ogniwa jednego \u0142a\u0144cucha. Niewystarczaj\u0105ce ukrwienie i s\u0142abe odprowadzanie p\u0142yn\u00f3w przez naczynia prowadzi do zaburzenia<br \/>\nod\u017cywiania tkanek, proces\u00f3w zastoinowych i do obrz\u0119k\u00f3w. Rozwija si\u0119 cellulit, pojawia si\u0119 nadwaga, pogarsza si\u0119 stan sk\u00f3ry. Dzi\u0119ki stosowaniu wa\u0142ka do masa\u017cu doktora Nikolaya Lyapko szybko\u015b\u0107<br \/>\nprzep\u0142ywu limfy i krwi w czasie seansu zwi\u0119ksza si\u0119 kilkakrotnie. Wa\u0142ek du\u017cy dr Lyapko \u2013 to doskona\u0142e urz\u0105dzenie do zabieg\u00f3w wyszczuplaj\u0105cych i koryguj\u0105cych figur\u0119 \u2013 jako wa\u0142ek na cellulit. Wykonywanie masa\u017cu wa\u0142kiem \u201eDu\u017cym\u201d Lyapko prowadzi do pozbywanie si\u0119 tkanki t\u0142uszczowej, cellulitu i zmniejszania wagi cia\u0142a.<\/p>\n<p>Cykl skutecznej terapii aplikacyjnej \u2013 to minimum 10-15 zabieg\u00f3w. Zabiegi nale\u017cy wykonywa\u0107 \u201ena g\u0142odny \u017co\u0142\u0105dek\u201d. Ig\u0142y wa\u0142ka, dotykaj\u0105c sk\u00f3ry, nie uszkadzaj\u0105 jej. Metoda jest efektywna i nieinwazyjna, to znaczy wyklucza ca\u0142kowicie przenoszenie r\u00f3\u017cnych infekcji. Nie powoduje r\u00f3wnie\u017c \u017cadnych skutk\u00f3w ubocznych.<\/p>\n<p>Kolor wa\u0142ka jest wybierany losowo.<\/p>\n","protected":false},"excerpt":{"rendered":"<p>Aplikator wieloig\u0142owy Lyapko \u201eWa\u0142ek du\u017cy\u201d \u2013 o rozstawie igie\u0142 5,0 mm \u2013 to wa\u0142ek do refleksoterapii dla dynamicznego oddzia\u0142ywania na sk\u00f3r\u0119 (\u201eprysznic miliona igie\u0142ek\u201d). Przeznaczony jest do terapii i diagnostyki. [&hellip;]<\/p>\n","protected":false},"featured_media":39,"comment_status":"open","ping_status":"closed","template":"","meta":[],"product_brand":[],"product_cat":[18],"product_tag":[],"class_list":{"0":"post-37","1":"product","2":"type-product","3":"status-publish","4":"has-post-thumbnail","6":"product_cat-akcesoria","8":"first","9":"outofstock","10":"shipping-taxable","11":"purchasable","12":"product-type-simple"},"_links":{"self":[{"href":"https:\/\/bobathbobas.pl\/sklep\/wp-json\/wp\/v2\/product\/37","targetHints":{"allow":["GET"]}}],"collection":[{"href":"https:\/\/bobathbobas.pl\/sklep\/wp-json\/wp\/v2\/product"}],"about":[{"href":"https:\/\/bobathbobas.pl\/sklep\/wp-json\/wp\/v2\/types\/product"}],"replies":[{"embeddable":true,"href":"https:\/\/bobathbobas.pl\/sklep\/wp-json\/wp\/v2\/comments?post=37"}],"wp:featuredmedia":[{"embeddable":true,"href":"https:\/\/bobathbobas.pl\/sklep\/wp-json\/wp\/v2\/media\/39"}],"wp:attachment":[{"href":"https:\/\/bobathbobas.pl\/sklep\/wp-json\/wp\/v2\/media?parent=37"}],"wp:term":[{"taxonomy":"product_brand","embeddable":true,"href":"https:\/\/bobathbobas.pl\/sklep\/wp-json\/wp\/v2\/product_brand?post=37"},{"taxonomy":"product_cat","embeddable":true,"href":"https:\/\/bobathbobas.pl\/sklep\/wp-json\/wp\/v2\/product_cat?post=37"},{"taxonomy":"product_tag","embeddable":true,"href":"https:\/\/bobathbobas.pl\/sklep\/wp-json\/wp\/v2\/product_tag?post=37"}],"curies":[{"name":"wp","href":"https:\/\/api.w.org\/{rel}","templated":true}]}}