{"id":165,"date":"2023-02-08T17:45:50","date_gmt":"2023-02-08T16:45:50","guid":{"rendered":"https:\/\/bobathbobas.pl\/sklep\/?post_type=product&#038;p=165"},"modified":"2025-08-05T14:55:36","modified_gmt":"2025-08-05T12:55:36","slug":"kapiel-noworodka-mini-kurs","status":"publish","type":"product","link":"https:\/\/bobathbobas.pl\/sklep\/produkt\/kapiel-noworodka-mini-kurs\/","title":{"rendered":"K\u0104PIEL NOWORODKA &#8211; mini KURS"},"content":{"rendered":"<blockquote>\n<div>\n<div dir=\"ltr\">\n<div dir=\"ltr\">\n<div dir=\"ltr\">\n<div dir=\"ltr\">\n<div dir=\"ltr\">\n<div>\n<div>Podczas mini KURSU zosta\u0142a przedstawiona k\u0105piel noworodka w spos\u00f3b najbardziej zgodny z rozwojem fizjologicznym nowonarodzonego Dziecka.<\/div>\n<div><\/div>\n<div>Pozycja k\u0105pielowa Maluszka jest oparta o za\u0142o\u017cenia FIZJOTERAPII metod\u0105 neurofizjologiczn\u0105 NDT BOBATH.<\/div>\n<div><\/div>\n<div>W klasycznej pozycji k\u0105pielowej, dzieci cz\u0119sto p\u0142acz\u0105, a sama k\u0105piel nie jest przyjemnym rytua\u0142em ko\u0144cz\u0105cym dzie\u0144. Mo\u017cna to \u0142atwo zmieni\u0107 \ud83d\ude09<\/div>\n<div><\/div>\n<div>Je\u015bli Twoje Dziecko nie lubi k\u0105pieli w wanience, zaciska pi\u0105stki, odgina g\u0142\u00f3wk\u0119 do ty\u0142u\u00a0 &#8211; przedstawiona pozycja jest dla Ciebie.<\/div>\n<div><\/div>\n<div>Je\u015bli Tw\u00f3j Maluszek, ma zaci\u015bni\u0119te d\u0142onie przez wi\u0119kszo\u015b\u0107 dnia i wysoko ustawione ramiona &#8211; ta pozycja jest dla Ciebie.<\/div>\n<div><\/div>\n<div>Je\u015bli chcia\u0142by\u015b\/chcia\u0142aby\u015b piel\u0119gnowa\u0107 swoje Dziecko zapobiegaj\u0105c utrwalaniu nieprawid\u0142owych pozycji &#8211; zajrzyj do mini KURSU.<\/div>\n<div><\/div>\n<div>Pami\u0119taj ! PROFILAKTYKA jest bardzo wa\u017cna.<\/div>\n<div><\/div>\n<div><em>\u00a0<\/em><\/div>\n<div>Zapraszam. fizjoterapeuta<i>\u00a0Ma\u0142gorzata\u00a0Marciniak<\/i><\/div>\n<div><i>\u00a0<\/i><\/div>\n<div>\n<div><u>Dokonanie zakupu Produktu Cyfrowego jest r\u00f3wnoznaczne z wyra\u017ceniem zgody na jego przes\u0142anie. Po dokonaniu p\u0142atno\u015bci zostanie przes\u0142any link z dost\u0119pem do kursu.\u00a0<\/u><\/div>\n<div><u>Dost\u0119p do kursu jest bezterminowy.\u00a0<\/u><\/div>\n<\/div>\n<\/div>\n<\/div>\n<\/div>\n<\/div>\n<\/div>\n<\/div>\n<\/div>\n<\/blockquote>\n","protected":false},"excerpt":{"rendered":"<p>Podczas mini KURSU zosta\u0142a przedstawiona k\u0105piel noworodka w spos\u00f3b najbardziej zgodny z rozwojem fizjologicznym nowonarodzonego Dziecka. Pozycja k\u0105pielowa Maluszka jest oparta o za\u0142o\u017cenia FIZJOTERAPII metod\u0105 neurofizjologiczn\u0105 NDT BOBATH. W klasycznej [&hellip;]<\/p>\n","protected":false},"featured_media":180,"comment_status":"open","ping_status":"closed","template":"","meta":[],"product_brand":[],"product_cat":[19],"product_tag":[],"class_list":{"0":"post-165","1":"product","2":"type-product","3":"status-publish","4":"has-post-thumbnail","6":"product_cat-szkolenia","8":"first","9":"instock","10":"downloadable","11":"virtual","12":"purchasable","13":"product-type-simple"},"_links":{"self":[{"href":"https:\/\/bobathbobas.pl\/sklep\/wp-json\/wp\/v2\/product\/165","targetHints":{"allow":["GET"]}}],"collection":[{"href":"https:\/\/bobathbobas.pl\/sklep\/wp-json\/wp\/v2\/product"}],"about":[{"href":"https:\/\/bobathbobas.pl\/sklep\/wp-json\/wp\/v2\/types\/product"}],"replies":[{"embeddable":true,"href":"https:\/\/bobathbobas.pl\/sklep\/wp-json\/wp\/v2\/comments?post=165"}],"wp:featuredmedia":[{"embeddable":true,"href":"https:\/\/bobathbobas.pl\/sklep\/wp-json\/wp\/v2\/media\/180"}],"wp:attachment":[{"href":"https:\/\/bobathbobas.pl\/sklep\/wp-json\/wp\/v2\/media?parent=165"}],"wp:term":[{"taxonomy":"product_brand","embeddable":true,"href":"https:\/\/bobathbobas.pl\/sklep\/wp-json\/wp\/v2\/product_brand?post=165"},{"taxonomy":"product_cat","embeddable":true,"href":"https:\/\/bobathbobas.pl\/sklep\/wp-json\/wp\/v2\/product_cat?post=165"},{"taxonomy":"product_tag","embeddable":true,"href":"https:\/\/bobathbobas.pl\/sklep\/wp-json\/wp\/v2\/product_tag?post=165"}],"curies":[{"name":"wp","href":"https:\/\/api.w.org\/{rel}","templated":true}]}}