{"id":112,"date":"2022-10-25T10:00:05","date_gmt":"2022-10-25T08:00:05","guid":{"rendered":"https:\/\/bobathbobas.pl\/sklep\/?post_type=product&#038;p=112"},"modified":"2026-04-23T03:05:05","modified_gmt":"2026-04-23T01:05:05","slug":"kurs-pielegnacji-noworodkow","status":"publish","type":"product","link":"https:\/\/bobathbobas.pl\/sklep\/produkt\/kurs-pielegnacji-noworodkow\/","title":{"rendered":"INSTRUKTA\u017b  PIEL\u0118GNACJI NOWORODK\u00d3W I NIEMOWL\u0104T 0-3"},"content":{"rendered":"<div dir=\"ltr\">\n<h3 dir=\"ltr\"><strong>Drogi Rodzicu<\/strong>,<\/h3>\n<div dir=\"ltr\"><\/div>\n<div dir=\"ltr\">przygotowa\u0142am dla Ciebie kurs, kt\u00f3rego celem jest <em><strong>u\u0142atwienie Tobie wkroczenia w macierzy\u0144stwo<\/strong><\/em> i <em><strong>tacierzy\u0144stwo<\/strong><\/em>.<\/div>\n<div dir=\"ltr\"><\/div>\n<div dir=\"ltr\">Uzyskasz wiele praktycznych wskaz\u00f3wek, kt\u00f3re rozwiej\u0105 Twoje w\u0105tpliwo\u015bci i <em><strong>pomog\u0105 Twojemu Dziecku rozwija\u0107 si\u0119 prawid\u0142owo<\/strong><\/em>OD PIERWSZYCH DNI \u017bYCIA.<\/div>\n<div dir=\"ltr\"><\/div>\n<div>Stosuj\u0105c PRAWID\u0141OW\u0104 PIEL\u0118GNACJ\u0118\u00a0 noworodka od pierwszych chwil po urodzeniu, <em><strong>u\u0142atwiasz Dziecku p\u0142ynne wkroczenie w 3 miesi\u0105c \u017cycia.<\/strong><\/em><\/div>\n<\/div>\n<div dir=\"ltr\"><\/div>\n<div dir=\"ltr\"><\/div>\n<div dir=\"ltr\"><\/div>\n<div dir=\"ltr\">\n<h3 dir=\"ltr\"><strong>Z kursu DOWIESZ SI\u0118 :<\/strong><\/h3>\n<div dir=\"ltr\"><\/div>\n<div dir=\"ltr\">&#8211; jak bezpiecznie mo\u017cna <strong>PODNOSI\u0106 i ODK\u0141ADA\u0106 dziecko<\/strong> np. z przewijaka, \u017ce <strong>ubieranie BODY, PAJACYK\u00d3W<\/strong> i innych ciuszk\u00f3w mo\u017ce by\u0107 przyjemne i komfortowe dla 2 stron<\/div>\n<div>&#8211; jakie <strong>pozycje NOSZENIA<\/strong> wp\u0142ywaj\u0105 na rozw\u00f3j symetrii cia\u0142a Maluszka<\/div>\n<div>&#8211; kt\u00f3re sposoby NOSZENIA Dziecka <strong>sprzyjaj\u0105 niepo\u017c\u0105danej asymetrii<\/strong><\/div>\n<div dir=\"ltr\">&#8211; jak <strong>OBR\u00d3CI\u0106 noworodka<\/strong> na brzuch?<\/div>\n<div dir=\"ltr\">&#8211; dlaczego pozycja le\u017cenia <strong>NA BRZUSZKU jest bardzo rozwojowa<\/strong><\/div>\n<div>&#8211; co robi\u0107, aby <strong>nie pot\u0119gowa\u0107 ODRUCHU MORO<\/strong> i sprzyja\u0107 wyciszeniu Maluszka<\/div>\n<div>&#8211; w jaki spos\u00f3b <strong>NORMALIZOWA\u0106 napi\u0119cie<\/strong> mi\u0119\u015bniowe cia\u0142a<\/div>\n<div>&#8211; <strong>jak radzi\u0107 sobie z KOLK\u0104<\/strong> u Dziecka w warunkach domowych<\/div>\n<div>&#8211; <strong>jak WYK\u0104PA\u0106 noworodka<\/strong> jednocze\u015bnie wp\u0142ywaj\u0105c na harmonijny rozw\u00f3j<\/div>\n<div><\/div>\n<div dir=\"ltr\">\n<div><\/div>\n<div><\/div>\n<h3><strong>Kurs zosta\u0142 podzielony na poszczeg\u00f3lne ROZDZIA\u0141Y.<\/strong><\/h3>\n<div><\/div>\n<div><strong>1<\/strong>. Ubieranie i rozbieranie dziecka<\/div>\n<div><strong>2<\/strong>. Zmiana pieluszki.<\/div>\n<div><strong>3<\/strong>. Podnoszenie i odk\u0142adanie dziecka.<\/div>\n<div><strong>4<\/strong>. Podnoszenie chwytem &#8222;anty-moro&#8221;.<\/div>\n<div><strong>5<\/strong>. Noszenie.<\/div>\n<div><strong>6<\/strong>. Obr\u00f3t na bok.<\/div>\n<div><strong>7<\/strong>. Obr\u00f3t na brzuch i na plecy.<\/div>\n<div><strong>8<\/strong>. K\u0105piel.<\/div>\n<div><strong>9<\/strong>. Karmienie i pozycje do odbicia po jedzeniu.<\/div>\n<div><strong>10<\/strong>. Na brzuszek.<\/div>\n<div><strong>11<\/strong>. Pomoc w kolce.<\/div>\n<div><strong>12<\/strong>. Pozycja do zabawy i \u0107wicze\u0144.<\/div>\n<div><strong>13<\/strong>. \u0106wiczenia.<\/div>\n<div><\/div>\n<div><strong>Wszystkie rozdzia\u0142y s\u0105 szczeg\u00f3\u0142owo om\u00f3wione. Kurs trwa 1h 25min.<\/strong><\/div>\n<div><\/div>\n<div>\n<div><u>Dokonanie zakupu Produktu Cyfrowego jest r\u00f3wnoznaczne z wyra\u017ceniem zgody na jego przes\u0142anie. Po dokonaniu p\u0142atno\u015bci zostanie przes\u0142any link z dost\u0119pem do kursu.\u00a0<\/u><\/div>\n<div><u>Dost\u0119p do kursu jest bezterminowy.\u00a0<\/u><\/div>\n<\/div>\n<\/div>\n<\/div>\n<p><iframe loading=\"lazy\" title=\"KURS ONLINE INSTRUKTA\u017b  PIEL\u0118GNACJI NOWORODK\u00d3W I NIEMOWL\u0104T 0-3 SKR\u00d3T\" width=\"1140\" height=\"641\" src=\"https:\/\/www.youtube.com\/embed\/S7tQYwsK3pE?feature=oembed\" frameborder=\"0\" allow=\"accelerometer; autoplay; clipboard-write; encrypted-media; gyroscope; picture-in-picture; web-share\" allowfullscreen><\/iframe><\/p>\n<p>&nbsp;<\/p>\n","protected":false},"excerpt":{"rendered":"<p>KURS DLA POCZ\u0104TKUJ\u0104CYCH FIZJOTERAPEUT\u00d3W \/ KURS DLA PRZYSZ\u0141YCH I \u015aWIE\u017bO UPIECZONYCH RODZIC\u00d3W<\/p>\n<p>Jak wzi\u0105\u0107 noworodka na r\u0119ce? Pierwsza k\u0105piel? To KURS edukuj\u0105cy pary spodziewaj\u0105ce si\u0119 dziecka i rodzic\u00f3w bezpo\u015brednio po narodzinach dziecka. Instrukta\u017c piel\u0119gnacji noworodka wp\u0142ywa na harmonijny rozw\u00f3j dziecka. Zastosowanie odpowiednich technik podczas piel\u0119gnacji pomaga normalizowa\u0107 napi\u0119cie mi\u0119\u015bniowe (wzmo\u017cone, obni\u017cone).<\/p>\n","protected":false},"featured_media":181,"comment_status":"open","ping_status":"closed","template":"","meta":[],"product_brand":[],"product_cat":[19],"product_tag":[],"class_list":{"0":"post-112","1":"product","2":"type-product","3":"status-publish","4":"has-post-thumbnail","6":"product_cat-szkolenia","8":"first","9":"instock","10":"downloadable","11":"virtual","12":"purchasable","13":"product-type-simple"},"_links":{"self":[{"href":"https:\/\/bobathbobas.pl\/sklep\/wp-json\/wp\/v2\/product\/112","targetHints":{"allow":["GET"]}}],"collection":[{"href":"https:\/\/bobathbobas.pl\/sklep\/wp-json\/wp\/v2\/product"}],"about":[{"href":"https:\/\/bobathbobas.pl\/sklep\/wp-json\/wp\/v2\/types\/product"}],"replies":[{"embeddable":true,"href":"https:\/\/bobathbobas.pl\/sklep\/wp-json\/wp\/v2\/comments?post=112"}],"wp:featuredmedia":[{"embeddable":true,"href":"https:\/\/bobathbobas.pl\/sklep\/wp-json\/wp\/v2\/media\/181"}],"wp:attachment":[{"href":"https:\/\/bobathbobas.pl\/sklep\/wp-json\/wp\/v2\/media?parent=112"}],"wp:term":[{"taxonomy":"product_brand","embeddable":true,"href":"https:\/\/bobathbobas.pl\/sklep\/wp-json\/wp\/v2\/product_brand?post=112"},{"taxonomy":"product_cat","embeddable":true,"href":"https:\/\/bobathbobas.pl\/sklep\/wp-json\/wp\/v2\/product_cat?post=112"},{"taxonomy":"product_tag","embeddable":true,"href":"https:\/\/bobathbobas.pl\/sklep\/wp-json\/wp\/v2\/product_tag?post=112"}],"curies":[{"name":"wp","href":"https:\/\/api.w.org\/{rel}","templated":true}]}}