{"id":106,"date":"2022-10-25T09:15:12","date_gmt":"2022-10-25T07:15:12","guid":{"rendered":"https:\/\/bobathbobas.pl\/sklep\/?post_type=product&#038;p=106"},"modified":"2025-04-24T14:55:37","modified_gmt":"2025-04-24T12:55:37","slug":"poszewka-na-poduszke-mimos","status":"publish","type":"product","link":"https:\/\/bobathbobas.pl\/sklep\/produkt\/poszewka-na-poduszke-mimos\/","title":{"rendered":"Poszewka na poduszk\u0119 MIMOS"},"content":{"rendered":"<p><strong class=\"warning\">Uwaga:<\/strong>\u00a0tylko oryginalna poszewka Mimos u\u017cyta z poduszk\u0105 zapewnia bezpiecze\u0144stwo.<\/p>\n","protected":false},"excerpt":{"rendered":"<p>Uwaga:\u00a0tylko oryginalna poszewka Mimos u\u017cyta z poduszk\u0105 zapewnia bezpiecze\u0144stwo.<\/p>\n","protected":false},"featured_media":108,"comment_status":"open","ping_status":"closed","template":"","meta":[],"product_brand":[],"product_cat":[18],"product_tag":[],"class_list":{"0":"post-106","1":"product","2":"type-product","3":"status-publish","4":"has-post-thumbnail","6":"product_cat-akcesoria","8":"first","9":"instock","10":"shipping-taxable","11":"purchasable","12":"product-type-variable"},"_links":{"self":[{"href":"https:\/\/bobathbobas.pl\/sklep\/wp-json\/wp\/v2\/product\/106","targetHints":{"allow":["GET"]}}],"collection":[{"href":"https:\/\/bobathbobas.pl\/sklep\/wp-json\/wp\/v2\/product"}],"about":[{"href":"https:\/\/bobathbobas.pl\/sklep\/wp-json\/wp\/v2\/types\/product"}],"replies":[{"embeddable":true,"href":"https:\/\/bobathbobas.pl\/sklep\/wp-json\/wp\/v2\/comments?post=106"}],"wp:featuredmedia":[{"embeddable":true,"href":"https:\/\/bobathbobas.pl\/sklep\/wp-json\/wp\/v2\/media\/108"}],"wp:attachment":[{"href":"https:\/\/bobathbobas.pl\/sklep\/wp-json\/wp\/v2\/media?parent=106"}],"wp:term":[{"taxonomy":"product_brand","embeddable":true,"href":"https:\/\/bobathbobas.pl\/sklep\/wp-json\/wp\/v2\/product_brand?post=106"},{"taxonomy":"product_cat","embeddable":true,"href":"https:\/\/bobathbobas.pl\/sklep\/wp-json\/wp\/v2\/product_cat?post=106"},{"taxonomy":"product_tag","embeddable":true,"href":"https:\/\/bobathbobas.pl\/sklep\/wp-json\/wp\/v2\/product_tag?post=106"}],"curies":[{"name":"wp","href":"https:\/\/api.w.org\/{rel}","templated":true}]}}