{"id":103,"date":"2022-10-18T12:22:43","date_gmt":"2022-10-18T10:22:43","guid":{"rendered":"https:\/\/bobathbobas.pl\/sklep\/?post_type=product&#038;p=103"},"modified":"2025-04-24T14:55:21","modified_gmt":"2025-04-24T12:55:21","slug":"poduszka-mimos","status":"publish","type":"product","link":"https:\/\/bobathbobas.pl\/sklep\/produkt\/poduszka-mimos\/","title":{"rendered":"Poduszka Mimos"},"content":{"rendered":"<p>Rekomendujemy dla dzieci o obwodzie g\u0142\u00f3wki w przedziale 36 cm &#8211; 49cm. Dob\u00f3r rozmiaru poduszki wg obwodu g\u0142owy &#8211; poni\u017cej.<\/p>\n<p><strong class=\"warning\">Wa\u017cne:<\/strong>\u00a0Mimos to produkt medyczny i sterylny. Po otwarciu folijki zabezpieczaj\u0105cej nie podlega zwrotom. Wymianie lub zwrotowi podlega tylko oryginalnie zapakowana poduszka lub poszewka Mimos.<\/p>\n<h4>Wymiary:<\/h4>\n<ul>\n<li><strong>Szeroko\u015b\u0107:<\/strong>\u00a029.5cm<\/li>\n<li><strong>Wysoko\u015b\u0107:<\/strong>\u00a023cm<\/li>\n<li><strong>G\u0142\u0119boko\u015b\u0107:<\/strong>\u00a05cm<\/li>\n<\/ul>\n<div>MIMOS S<\/div>\n<div>36-46 cm obw\u00f3d g\u0142\u00f3ki dziecka<\/div>\n<div><\/div>\n<div>MIMOS M<\/div>\n<div>42-49 cm obw\u00f3d g\u0142\u00f3wki<\/div>\n","protected":false},"excerpt":{"rendered":"<p>Hiszpa\u0144ska poduszka ortopedyczna. Najlepsza na rynku. Pomaga walczy\u0107 z asymetri\u0105 czaszki i kr\u0119gos\u0142upa szyjnego. Dla noworodk\u00f3w i niemowl\u0105t.<\/p>\n","protected":false},"featured_media":104,"comment_status":"open","ping_status":"closed","template":"","meta":[],"product_brand":[],"product_cat":[18],"product_tag":[],"class_list":{"0":"post-103","1":"product","2":"type-product","3":"status-publish","4":"has-post-thumbnail","6":"product_cat-akcesoria","8":"first","9":"instock","10":"shipping-taxable","11":"purchasable","12":"product-type-variable"},"_links":{"self":[{"href":"https:\/\/bobathbobas.pl\/sklep\/wp-json\/wp\/v2\/product\/103","targetHints":{"allow":["GET"]}}],"collection":[{"href":"https:\/\/bobathbobas.pl\/sklep\/wp-json\/wp\/v2\/product"}],"about":[{"href":"https:\/\/bobathbobas.pl\/sklep\/wp-json\/wp\/v2\/types\/product"}],"replies":[{"embeddable":true,"href":"https:\/\/bobathbobas.pl\/sklep\/wp-json\/wp\/v2\/comments?post=103"}],"wp:featuredmedia":[{"embeddable":true,"href":"https:\/\/bobathbobas.pl\/sklep\/wp-json\/wp\/v2\/media\/104"}],"wp:attachment":[{"href":"https:\/\/bobathbobas.pl\/sklep\/wp-json\/wp\/v2\/media?parent=103"}],"wp:term":[{"taxonomy":"product_brand","embeddable":true,"href":"https:\/\/bobathbobas.pl\/sklep\/wp-json\/wp\/v2\/product_brand?post=103"},{"taxonomy":"product_cat","embeddable":true,"href":"https:\/\/bobathbobas.pl\/sklep\/wp-json\/wp\/v2\/product_cat?post=103"},{"taxonomy":"product_tag","embeddable":true,"href":"https:\/\/bobathbobas.pl\/sklep\/wp-json\/wp\/v2\/product_tag?post=103"}],"curies":[{"name":"wp","href":"https:\/\/api.w.org\/{rel}","templated":true}]}}