{"id":3,"date":"2022-09-21T10:21:21","date_gmt":"2022-09-21T08:21:21","guid":{"rendered":"https:\/\/bobathbobas.pl\/sklep\/?page_id=3"},"modified":"2022-10-25T12:52:55","modified_gmt":"2022-10-25T10:52:55","slug":"polityka-prywatnosci","status":"publish","type":"page","link":"https:\/\/bobathbobas.pl\/sklep\/polityka-prywatnosci\/","title":{"rendered":"Klauzula informacyjna o przetwarzaniu danych"},"content":{"rendered":"\n<p>Serwis, zgodnie z art. 173 ustawy z dnia 16 lipca 2004 r. \u2013 Prawo telekomunikacyjne,<br>korzysta z plik\u00f3w Cookies stanowi\u0105cych dane informatyczne, w szczeg\u00f3lno\u015bci pliki<br>tekstowe, kt\u00f3re przechowywane s\u0105 w urz\u0105dzeniu ko\u0144cowym U\u017cytkownika.<\/p>\n\n\n\n<ol class=\"wp-block-list\"><li>Serwis nie zbiera w spos\u00f3b automatyczny \u017cadnych informacji, z wyj\u0105tkiem informacji<br>zawartych w plikach cookies.<\/li><li>Pliki cookies s\u0105 plikami tekstowymi, kt\u00f3re przechowywane s\u0105 w urz\u0105dzeniu ko\u0144cowym<br>u\u017cytkownika serwisu. Przeznaczone s\u0105 do korzystania ze stron serwisu. Przede wszystkim<br>zawieraj\u0105 nazw\u0119 strony internetowej swojego pochodzenia oraz sw\u00f3j unikalny numer.<\/li><li>Operator serwisu BOBATH BOBAS FIZJOTERAPIA DZIECI MA\u0141GORZATA MARCINIAK jest<br>podmiotem zamieszczaj\u0105cym na urz\u0105dzeniu ko\u0144cowym swojego u\u017cytkownika pliki cookies oraz<br>maj\u0105cym do nich dost\u0119p.<\/li><li>Operator serwisu wykorzystuje pliki cookies w celu:<br>a) STATYSTYCZNYM<br>b) U\u0141ATWIENIA U\u017bYTKOWNIKOM NA DOTARCIE DO WYSZUKIWANYCH INFORMACJI<\/li><li>Serwis stosuje nast\u0119puj\u0105ce rodzaje plik\u00f3w cookies:<br>a) pliki sta\u0142e \u2013 s\u0105 przechowywane w urz\u0105dzeniu ko\u0144cowym u\u017cytkownika do czasu ich<br>usuni\u0119cia przez u\u017cytkownika lub przez czas wynikaj\u0105cy z ich ustawie\u0144;<br>b) pliki sesyjne \u2013 s\u0105 tymczasowe, przechowuje si\u0119 je do momentu opuszczenia strony<br>serwisu;<br>c) wydajno\u015bciowe &#8211; umo\u017cliwiaj\u0105 zbieranie informacji o sposobie korzystania ze stron<br>internetowych Serwisu;<br>d) niezb\u0119dne &#8211; umo\u017cliwiaj\u0105ce korzystanie z us\u0142ug dost\u0119pnych w ramach Serwisu;<br>e) funkcjonalne &#8211; umo\u017cliwiaj\u0105ce zapami\u0119tanie wybranych przez U\u017cytkownika ustawie\u0144<br>i personalizacj\u0119 interfejsu U\u017cytkownika;<br>f) w\u0142asne &#8211; zamieszczane przez Serwis;<br>g) zewn\u0119trzne &#8211; pochodz\u0105ce z witryny zewn\u0119trznej ni\u017c Serwis.<\/li><li>U\u017cytkownik mo\u017ce w ka\u017cdej chwili dokona\u0107 zmiany ustawie\u0144 swojej przegl\u0105darki, aby<br>zablokowa\u0107 obs\u0142ug\u0119 plik\u00f3w cookies.<\/li><li>Operator Serwisu informuje, \u017ce ograniczenia stosowania plik\u00f3w cookies mog\u0105 wp\u0142yn\u0105\u0107 na<br>niekt\u00f3re funkcjonalno\u015bci dost\u0119pne na stronach internetowych Serwisu.<\/li><li>Pliki cookies, z kt\u00f3rych korzysta serwis, mog\u0105 by\u0107 udost\u0119pnione jego partnerom oraz<br>wsp\u00f3\u0142pracuj\u0105cym z nim reklamodawc\u0105.<\/li><\/ol>\n","protected":false},"excerpt":{"rendered":"<p>Serwis, zgodnie z art. 173 ustawy z dnia 16 lipca 2004 r. \u2013 Prawo telekomunikacyjne,korzysta z plik\u00f3w Cookies stanowi\u0105cych dane informatyczne, w szczeg\u00f3lno\u015bci plikitekstowe, kt\u00f3re przechowywane s\u0105 w urz\u0105dzeniu ko\u0144cowym [&hellip;]<\/p>\n","protected":false},"author":1,"featured_media":0,"parent":0,"menu_order":0,"comment_status":"closed","ping_status":"open","template":"","meta":{"footnotes":""},"class_list":["post-3","page","type-page","status-publish","hentry"],"_links":{"self":[{"href":"https:\/\/bobathbobas.pl\/sklep\/wp-json\/wp\/v2\/pages\/3","targetHints":{"allow":["GET"]}}],"collection":[{"href":"https:\/\/bobathbobas.pl\/sklep\/wp-json\/wp\/v2\/pages"}],"about":[{"href":"https:\/\/bobathbobas.pl\/sklep\/wp-json\/wp\/v2\/types\/page"}],"author":[{"embeddable":true,"href":"https:\/\/bobathbobas.pl\/sklep\/wp-json\/wp\/v2\/users\/1"}],"replies":[{"embeddable":true,"href":"https:\/\/bobathbobas.pl\/sklep\/wp-json\/wp\/v2\/comments?post=3"}],"version-history":[{"count":1,"href":"https:\/\/bobathbobas.pl\/sklep\/wp-json\/wp\/v2\/pages\/3\/revisions"}],"predecessor-version":[{"id":124,"href":"https:\/\/bobathbobas.pl\/sklep\/wp-json\/wp\/v2\/pages\/3\/revisions\/124"}],"wp:attachment":[{"href":"https:\/\/bobathbobas.pl\/sklep\/wp-json\/wp\/v2\/media?parent=3"}],"curies":[{"name":"wp","href":"https:\/\/api.w.org\/{rel}","templated":true}]}}