{"id":128,"date":"2022-10-25T15:22:31","date_gmt":"2022-10-25T13:22:31","guid":{"rendered":"https:\/\/bobathbobas.pl\/sklep\/?page_id=128"},"modified":"2022-10-25T15:22:32","modified_gmt":"2022-10-25T13:22:32","slug":"zwroty-i-reklamacje","status":"publish","type":"page","link":"https:\/\/bobathbobas.pl\/sklep\/zwroty-i-reklamacje\/","title":{"rendered":"Zwroty i reklamacje"},"content":{"rendered":"\n<p><a href=\"https:\/\/bobathbobas.pl\/sklep\/wp-content\/uploads\/2022\/10\/odstapienie-od-umowy-zawartej-na-odlegl.pdf\" data-type=\"URL\" data-id=\"https:\/\/bobathbobas.pl\/sklep\/wp-content\/uploads\/2022\/10\/odstapienie-od-umowy-zawartej-na-odlegl.pdf\" target=\"_blank\" rel=\"noreferrer noopener\">Odst\u0105pienie od umowy zawartej na odleg\u0142o\u015b\u0107<\/a><\/p>\n\n\n\n<p><a href=\"https:\/\/bobathbobas.pl\/sklep\/wp-content\/uploads\/2022\/10\/odstapienie-od-umowy.pdf\" data-type=\"URL\" data-id=\"https:\/\/bobathbobas.pl\/sklep\/wp-content\/uploads\/2022\/10\/odstapienie-od-umowy.pdf\" target=\"_blank\" rel=\"noreferrer noopener\">Odst\u0105pienie od umowy<\/a><\/p>\n\n\n\n<p><a href=\"https:\/\/bobathbobas.pl\/sklep\/wp-content\/uploads\/2022\/10\/reklamacja-w-ramach-rekojmi.pdf\" data-type=\"URL\" data-id=\"https:\/\/bobathbobas.pl\/sklep\/wp-content\/uploads\/2022\/10\/reklamacja-w-ramach-rekojmi.pdf\" target=\"_blank\" rel=\"noreferrer noopener\">Reklamacja w ramach r\u0119kojmi<\/a><\/p>\n","protected":false},"excerpt":{"rendered":"<p>Odst\u0105pienie od umowy zawartej na odleg\u0142o\u015b\u0107 Odst\u0105pienie od umowy Reklamacja w ramach r\u0119kojmi<\/p>\n","protected":false},"author":1,"featured_media":0,"parent":0,"menu_order":0,"comment_status":"closed","ping_status":"closed","template":"","meta":{"footnotes":""},"class_list":["post-128","page","type-page","status-publish","hentry"],"_links":{"self":[{"href":"https:\/\/bobathbobas.pl\/sklep\/wp-json\/wp\/v2\/pages\/128","targetHints":{"allow":["GET"]}}],"collection":[{"href":"https:\/\/bobathbobas.pl\/sklep\/wp-json\/wp\/v2\/pages"}],"about":[{"href":"https:\/\/bobathbobas.pl\/sklep\/wp-json\/wp\/v2\/types\/page"}],"author":[{"embeddable":true,"href":"https:\/\/bobathbobas.pl\/sklep\/wp-json\/wp\/v2\/users\/1"}],"replies":[{"embeddable":true,"href":"https:\/\/bobathbobas.pl\/sklep\/wp-json\/wp\/v2\/comments?post=128"}],"version-history":[{"count":1,"href":"https:\/\/bobathbobas.pl\/sklep\/wp-json\/wp\/v2\/pages\/128\/revisions"}],"predecessor-version":[{"id":132,"href":"https:\/\/bobathbobas.pl\/sklep\/wp-json\/wp\/v2\/pages\/128\/revisions\/132"}],"wp:attachment":[{"href":"https:\/\/bobathbobas.pl\/sklep\/wp-json\/wp\/v2\/media?parent=128"}],"curies":[{"name":"wp","href":"https:\/\/api.w.org\/{rel}","templated":true}]}}